{"id":3257,"date":"2024-11-21T10:45:33","date_gmt":"2024-11-21T09:45:33","guid":{"rendered":"https:\/\/auxplantesmedicinales.com\/product\/balm-for-dry-lips-coconut-3-items\/"},"modified":"2024-11-24T10:12:41","modified_gmt":"2024-11-24T09:12:41","slug":"balm-for-dry-lips-coconut-3-articles","status":"publish","type":"product","link":"https:\/\/auxplantesmedicinales.com\/fr\/produit\/balm-for-dry-lips-coconut-3-articles\/","title":{"rendered":"Baume pour l\u00e8vres s\u00e8ches &#8211; noix de coco (x3 articles)"},"content":{"rendered":"<div class=\"elementor-element elementor-element-1689ccb2 elementor-widget elementor-widget-woocommerce-product-title elementor-page-title elementor-widget-heading\" data-id=\"1689ccb2\" data-element_type=\"widget\" data-widget_type=\"woocommerce-product-title.default\">\n<div class=\"elementor-widget-container\"><\/div>\n<\/div>\n<div class=\"elementor-element elementor-element-2cb01724 elementor-widget__width-initial elementor-widget-tablet__width-inherit elementor-widget elementor-widget-woocommerce-product-content\" data-id=\"2cb01724\" data-element_type=\"widget\" data-widget_type=\"woocommerce-product-content.default\">\n<div class=\"elementor-widget-container\">\n<p><strong>Baume pour l\u00e8vres s\u00e8ches (x3 articles)<\/strong><\/p>\n<p>Livraison dans le monde entier<\/p>\n<p>Baume \u00e0 l\u00e8vres naturel \u00e0 base de noix de coco pour les l\u00e8vres s\u00e8ches et craquel\u00e9es.<\/p>\n<p><strong>Caract\u00e9ristiques principales<\/strong><\/p>\n<ul>\n<li>Ingr\u00e9dients naturels et d&rsquo;origine v\u00e9g\u00e9tale<\/li>\n<li>Pas de produits chimiques, pas d&rsquo;additifs, pas d&rsquo;OGM, pas d&rsquo;huiles essentielles.<\/li>\n<li>Fabriqu\u00e9 en Suisse avec des ingr\u00e9dients de haute qualit\u00e9<\/li>\n<\/ul>\n<p><strong>Composition<\/strong> : La liste des ingr\u00e9dients de chaque produit est incluse dans l&#8217;emballage.<\/p>\n<p>Livraison : Le minimum de commande et de livraison est de 3 articles.<\/p>\n<\/div>\n<\/div>\n","protected":false},"excerpt":{"rendered":"<p>Baume pour l\u00e8vres s\u00e8ches (x3 articles) Livraison dans le monde entier Baume \u00e0 l\u00e8vres naturel \u00e0 base de noix de coco pour les l\u00e8vres s\u00e8ches et craquel\u00e9es. Caract\u00e9ristiques principales Ingr\u00e9dients naturels et d&rsquo;origine v\u00e9g\u00e9tale Pas de produits chimiques, pas d&rsquo;additifs, pas d&rsquo;OGM, pas d&rsquo;huiles essentielles. Fabriqu\u00e9 en Suisse avec des ingr\u00e9dients de haute qualit\u00e9 Composition [&hellip;]<\/p>\n","protected":false},"featured_media":2942,"template":"","meta":{"site-sidebar-layout":"default","site-content-layout":"","ast-site-content-layout":"default","site-content-style":"default","site-sidebar-style":"default","ast-global-header-display":"","ast-banner-title-visibility":"","ast-main-header-display":"","ast-hfb-above-header-display":"","ast-hfb-below-header-display":"","ast-hfb-mobile-header-display":"","site-post-title":"","ast-breadcrumbs-content":"","ast-featured-img":"","footer-sml-layout":"","ast-disable-related-posts":"","theme-transparent-header-meta":"default","adv-header-id-meta":"","stick-header-meta":"default","header-above-stick-meta":"","header-main-stick-meta":"","header-below-stick-meta":"","astra-migrate-meta-layouts":"set","ast-page-background-enabled":"default","ast-page-background-meta":{"desktop":{"background-color":"var(--ast-global-color-4)","background-image":"","background-repeat":"repeat","background-position":"center center","background-size":"auto","background-attachment":"scroll","background-type":"","background-media":"","overlay-type":"","overlay-color":"","overlay-opacity":"","overlay-gradient":""},"tablet":{"background-color":"","background-image":"","background-repeat":"repeat","background-position":"center center","background-size":"auto","background-attachment":"scroll","background-type":"","background-media":"","overlay-type":"","overlay-color":"","overlay-opacity":"","overlay-gradient":""},"mobile":{"background-color":"","background-image":"","background-repeat":"repeat","background-position":"center center","background-size":"auto","background-attachment":"scroll","background-type":"","background-media":"","overlay-type":"","overlay-color":"","overlay-opacity":"","overlay-gradient":""}},"ast-content-background-meta":{"desktop":{"background-color":"var(--ast-global-color-5)","background-image":"","background-repeat":"repeat","background-position":"center center","background-size":"auto","background-attachment":"scroll","background-type":"","background-media":"","overlay-type":"","overlay-color":"","overlay-opacity":"","overlay-gradient":""},"tablet":{"background-color":"var(--ast-global-color-5)","background-image":"","background-repeat":"repeat","background-position":"center center","background-size":"auto","background-attachment":"scroll","background-type":"","background-media":"","overlay-type":"","overlay-color":"","overlay-opacity":"","overlay-gradient":""},"mobile":{"background-color":"var(--ast-global-color-5)","background-image":"","background-repeat":"repeat","background-position":"center center","background-size":"auto","background-attachment":"scroll","background-type":"","background-media":"","overlay-type":"","overlay-color":"","overlay-opacity":"","overlay-gradient":""}}},"product_brand":[],"product_cat":[39],"product_tag":[],"class_list":{"0":"post-3257","1":"product","2":"type-product","3":"status-publish","4":"has-post-thumbnail","6":"product_cat-uncategorized-fr","7":"desktop-align-left","8":"tablet-align-left","9":"mobile-align-left","10":"ast-product-gallery-layout-horizontal-slider","11":"ast-product-gallery-with-no-image","12":"ast-product-single-variable","14":"first","15":"instock","16":"shipping-taxable","17":"purchasable","18":"product-type-variable"},"_links":{"self":[{"href":"https:\/\/auxplantesmedicinales.com\/fr\/wp-json\/wp\/v2\/product\/3257","targetHints":{"allow":["GET"]}}],"collection":[{"href":"https:\/\/auxplantesmedicinales.com\/fr\/wp-json\/wp\/v2\/product"}],"about":[{"href":"https:\/\/auxplantesmedicinales.com\/fr\/wp-json\/wp\/v2\/types\/product"}],"version-history":[{"count":7,"href":"https:\/\/auxplantesmedicinales.com\/fr\/wp-json\/wp\/v2\/product\/3257\/revisions"}],"predecessor-version":[{"id":3281,"href":"https:\/\/auxplantesmedicinales.com\/fr\/wp-json\/wp\/v2\/product\/3257\/revisions\/3281"}],"wp:featuredmedia":[{"embeddable":true,"href":"https:\/\/auxplantesmedicinales.com\/fr\/wp-json\/wp\/v2\/media\/2942"}],"wp:attachment":[{"href":"https:\/\/auxplantesmedicinales.com\/fr\/wp-json\/wp\/v2\/media?parent=3257"}],"wp:term":[{"taxonomy":"product_brand","embeddable":true,"href":"https:\/\/auxplantesmedicinales.com\/fr\/wp-json\/wp\/v2\/product_brand?post=3257"},{"taxonomy":"product_cat","embeddable":true,"href":"https:\/\/auxplantesmedicinales.com\/fr\/wp-json\/wp\/v2\/product_cat?post=3257"},{"taxonomy":"product_tag","embeddable":true,"href":"https:\/\/auxplantesmedicinales.com\/fr\/wp-json\/wp\/v2\/product_tag?post=3257"}],"curies":[{"name":"wp","href":"https:\/\/api.w.org\/{rel}","templated":true}]}}