{"id":2886,"date":"2024-08-05T08:33:37","date_gmt":"2024-08-05T06:33:37","guid":{"rendered":"https:\/\/auxplantesmedicinales.com\/product\/test2\/"},"modified":"2024-11-24T10:17:37","modified_gmt":"2024-11-24T09:17:37","slug":"creme-de-rasage-naturelle-3-articles","status":"publish","type":"product","link":"https:\/\/auxplantesmedicinales.com\/fr\/produit\/creme-de-rasage-naturelle-3-articles\/","title":{"rendered":"Cr\u00e8me de rasage Naturelle (x3 articles)"},"content":{"rendered":"<p>Cr\u00e8me \u00e0 raser 100 % naturelle pour un usage r\u00e9gulier.<\/p>\n<p>Ce produit est vendu uniquement en pack de 3 cr\u00e8mes de rasage.<\/p>\n<p><strong>Caract\u00e9ristiques principales<\/strong><\/p>\n<ul>\n<li>Tous les ingr\u00e9dients sont 100 % naturels<\/li>\n<li>Pas de produits chimiques, pas d&rsquo;additifs chimiques, pas d&rsquo;OGM<\/li>\n<li>Fabriqu\u00e9 en Suisse avec des ingr\u00e9dients de haute qualit\u00e9<\/li>\n<\/ul>\n<p><strong>Composition<\/strong> : La liste des ingr\u00e9dients de chaque produit est incluse dans l&#8217;emballage.<\/p>\n<p><strong>Livraison<\/strong>: Livr\u00e9 uniquement en paquet de 3 produits.<\/p>\n","protected":false},"excerpt":{"rendered":"<p>Cr\u00e8me \u00e0 raser 100 % naturelle pour un usage r\u00e9gulier. Ce produit est vendu uniquement en pack de 3 cr\u00e8mes de rasage. Caract\u00e9ristiques principales Tous les ingr\u00e9dients sont 100 % naturels Pas de produits chimiques, pas d&rsquo;additifs chimiques, pas d&rsquo;OGM Fabriqu\u00e9 en Suisse avec des ingr\u00e9dients de haute qualit\u00e9 Composition : La liste des ingr\u00e9dients [&hellip;]<\/p>\n","protected":false},"featured_media":2936,"template":"","meta":{"site-sidebar-layout":"default","site-content-layout":"","ast-site-content-layout":"default","site-content-style":"default","site-sidebar-style":"default","ast-global-header-display":"","ast-banner-title-visibility":"","ast-main-header-display":"","ast-hfb-above-header-display":"","ast-hfb-below-header-display":"","ast-hfb-mobile-header-display":"","site-post-title":"","ast-breadcrumbs-content":"","ast-featured-img":"","footer-sml-layout":"","ast-disable-related-posts":"","theme-transparent-header-meta":"default","adv-header-id-meta":"","stick-header-meta":"default","header-above-stick-meta":"","header-main-stick-meta":"","header-below-stick-meta":"","astra-migrate-meta-layouts":"set","ast-page-background-enabled":"default","ast-page-background-meta":{"desktop":{"background-color":"var(--ast-global-color-4)","background-image":"","background-repeat":"repeat","background-position":"center center","background-size":"auto","background-attachment":"scroll","background-type":"","background-media":"","overlay-type":"","overlay-color":"","overlay-opacity":"","overlay-gradient":""},"tablet":{"background-color":"","background-image":"","background-repeat":"repeat","background-position":"center center","background-size":"auto","background-attachment":"scroll","background-type":"","background-media":"","overlay-type":"","overlay-color":"","overlay-opacity":"","overlay-gradient":""},"mobile":{"background-color":"","background-image":"","background-repeat":"repeat","background-position":"center center","background-size":"auto","background-attachment":"scroll","background-type":"","background-media":"","overlay-type":"","overlay-color":"","overlay-opacity":"","overlay-gradient":""}},"ast-content-background-meta":{"desktop":{"background-color":"var(--ast-global-color-5)","background-image":"","background-repeat":"repeat","background-position":"center center","background-size":"auto","background-attachment":"scroll","background-type":"","background-media":"","overlay-type":"","overlay-color":"","overlay-opacity":"","overlay-gradient":""},"tablet":{"background-color":"var(--ast-global-color-5)","background-image":"","background-repeat":"repeat","background-position":"center center","background-size":"auto","background-attachment":"scroll","background-type":"","background-media":"","overlay-type":"","overlay-color":"","overlay-opacity":"","overlay-gradient":""},"mobile":{"background-color":"var(--ast-global-color-5)","background-image":"","background-repeat":"repeat","background-position":"center center","background-size":"auto","background-attachment":"scroll","background-type":"","background-media":"","overlay-type":"","overlay-color":"","overlay-opacity":"","overlay-gradient":""}}},"product_brand":[],"product_cat":[39],"product_tag":[],"class_list":{"0":"post-2886","1":"product","2":"type-product","3":"status-publish","4":"has-post-thumbnail","6":"product_cat-uncategorized-fr","7":"desktop-align-left","8":"tablet-align-left","9":"mobile-align-left","10":"ast-product-gallery-layout-horizontal-slider","12":"first","13":"instock","14":"shipping-taxable","15":"purchasable","16":"product-type-simple"},"_links":{"self":[{"href":"https:\/\/auxplantesmedicinales.com\/fr\/wp-json\/wp\/v2\/product\/2886","targetHints":{"allow":["GET"]}}],"collection":[{"href":"https:\/\/auxplantesmedicinales.com\/fr\/wp-json\/wp\/v2\/product"}],"about":[{"href":"https:\/\/auxplantesmedicinales.com\/fr\/wp-json\/wp\/v2\/types\/product"}],"version-history":[{"count":8,"href":"https:\/\/auxplantesmedicinales.com\/fr\/wp-json\/wp\/v2\/product\/2886\/revisions"}],"predecessor-version":[{"id":3282,"href":"https:\/\/auxplantesmedicinales.com\/fr\/wp-json\/wp\/v2\/product\/2886\/revisions\/3282"}],"wp:featuredmedia":[{"embeddable":true,"href":"https:\/\/auxplantesmedicinales.com\/fr\/wp-json\/wp\/v2\/media\/2936"}],"wp:attachment":[{"href":"https:\/\/auxplantesmedicinales.com\/fr\/wp-json\/wp\/v2\/media?parent=2886"}],"wp:term":[{"taxonomy":"product_brand","embeddable":true,"href":"https:\/\/auxplantesmedicinales.com\/fr\/wp-json\/wp\/v2\/product_brand?post=2886"},{"taxonomy":"product_cat","embeddable":true,"href":"https:\/\/auxplantesmedicinales.com\/fr\/wp-json\/wp\/v2\/product_cat?post=2886"},{"taxonomy":"product_tag","embeddable":true,"href":"https:\/\/auxplantesmedicinales.com\/fr\/wp-json\/wp\/v2\/product_tag?post=2886"}],"curies":[{"name":"wp","href":"https:\/\/api.w.org\/{rel}","templated":true}]}}