{"id":1715,"date":"2024-05-24T16:55:11","date_gmt":"2024-05-24T14:55:11","guid":{"rendered":"https:\/\/auxplantesmedicinales.com\/product\/anti-mosquito-spray\/"},"modified":"2024-11-24T10:18:49","modified_gmt":"2024-11-24T09:18:49","slug":"dentifrice-x3-articles","status":"publish","type":"product","link":"https:\/\/auxplantesmedicinales.com\/fr\/produit\/dentifrice-x3-articles\/","title":{"rendered":"Dentifrice (x3 articles)"},"content":{"rendered":"<p>Dentifrice naturel\u00a0 &#8211; Sans fluor &#8211; <span style=\"font-size: 16px; font-style: normal; font-weight: 400;\">pour les soins dentaires<\/span><\/p>\n<p><strong>Caract\u00e9ristiques principales<\/strong><\/p>\n<ul>\n<li>Tous les ingr\u00e9dients sont naturels &#8211; Sans fluor<\/li>\n<li>Sans produits chimiques, sans additifs, sans OGM<\/li>\n<li>Fabriqu\u00e9 en Suisse avec des ingr\u00e9dients de haute qualit\u00e9<\/li>\n<\/ul>\n<p><strong>Ingr\u00e9dients<\/strong> : List des ingr\u00e9dients inclus sur le produit.<\/p>\n<p><strong>Livraison<\/strong>: Livr\u00e9 uniquement en paquet de 3 produits.<\/p>\n","protected":false},"excerpt":{"rendered":"<p>&nbsp;<\/p>\n<p>&nbsp;<\/p>\n","protected":false},"featured_media":2928,"template":"","meta":{"site-sidebar-layout":"default","site-content-layout":"","ast-site-content-layout":"default","site-content-style":"default","site-sidebar-style":"default","ast-global-header-display":"","ast-banner-title-visibility":"","ast-main-header-display":"","ast-hfb-above-header-display":"","ast-hfb-below-header-display":"","ast-hfb-mobile-header-display":"","site-post-title":"","ast-breadcrumbs-content":"","ast-featured-img":"","footer-sml-layout":"","ast-disable-related-posts":"","theme-transparent-header-meta":"default","adv-header-id-meta":"","stick-header-meta":"default","header-above-stick-meta":"","header-main-stick-meta":"","header-below-stick-meta":"","astra-migrate-meta-layouts":"set","ast-page-background-enabled":"default","ast-page-background-meta":{"desktop":{"background-color":"var(--ast-global-color-4)","background-image":"","background-repeat":"repeat","background-position":"center center","background-size":"auto","background-attachment":"scroll","background-type":"","background-media":"","overlay-type":"","overlay-color":"","overlay-opacity":"","overlay-gradient":""},"tablet":{"background-color":"","background-image":"","background-repeat":"repeat","background-position":"center center","background-size":"auto","background-attachment":"scroll","background-type":"","background-media":"","overlay-type":"","overlay-color":"","overlay-opacity":"","overlay-gradient":""},"mobile":{"background-color":"","background-image":"","background-repeat":"repeat","background-position":"center center","background-size":"auto","background-attachment":"scroll","background-type":"","background-media":"","overlay-type":"","overlay-color":"","overlay-opacity":"","overlay-gradient":""}},"ast-content-background-meta":{"desktop":{"background-color":"var(--ast-global-color-5)","background-image":"","background-repeat":"repeat","background-position":"center center","background-size":"auto","background-attachment":"scroll","background-type":"","background-media":"","overlay-type":"","overlay-color":"","overlay-opacity":"","overlay-gradient":""},"tablet":{"background-color":"var(--ast-global-color-5)","background-image":"","background-repeat":"repeat","background-position":"center center","background-size":"auto","background-attachment":"scroll","background-type":"","background-media":"","overlay-type":"","overlay-color":"","overlay-opacity":"","overlay-gradient":""},"mobile":{"background-color":"var(--ast-global-color-5)","background-image":"","background-repeat":"repeat","background-position":"center center","background-size":"auto","background-attachment":"scroll","background-type":"","background-media":"","overlay-type":"","overlay-color":"","overlay-opacity":"","overlay-gradient":""}}},"product_brand":[],"product_cat":[39],"product_tag":[],"class_list":{"0":"post-1715","1":"product","2":"type-product","3":"status-publish","4":"has-post-thumbnail","6":"product_cat-uncategorized-fr","7":"desktop-align-left","8":"tablet-align-left","9":"mobile-align-left","10":"ast-product-gallery-layout-horizontal-slider","11":"ast-product-single-variable","13":"first","14":"instock","15":"shipping-taxable","16":"purchasable","17":"product-type-variable"},"_links":{"self":[{"href":"https:\/\/auxplantesmedicinales.com\/fr\/wp-json\/wp\/v2\/product\/1715","targetHints":{"allow":["GET"]}}],"collection":[{"href":"https:\/\/auxplantesmedicinales.com\/fr\/wp-json\/wp\/v2\/product"}],"about":[{"href":"https:\/\/auxplantesmedicinales.com\/fr\/wp-json\/wp\/v2\/types\/product"}],"version-history":[{"count":21,"href":"https:\/\/auxplantesmedicinales.com\/fr\/wp-json\/wp\/v2\/product\/1715\/revisions"}],"predecessor-version":[{"id":3283,"href":"https:\/\/auxplantesmedicinales.com\/fr\/wp-json\/wp\/v2\/product\/1715\/revisions\/3283"}],"wp:featuredmedia":[{"embeddable":true,"href":"https:\/\/auxplantesmedicinales.com\/fr\/wp-json\/wp\/v2\/media\/2928"}],"wp:attachment":[{"href":"https:\/\/auxplantesmedicinales.com\/fr\/wp-json\/wp\/v2\/media?parent=1715"}],"wp:term":[{"taxonomy":"product_brand","embeddable":true,"href":"https:\/\/auxplantesmedicinales.com\/fr\/wp-json\/wp\/v2\/product_brand?post=1715"},{"taxonomy":"product_cat","embeddable":true,"href":"https:\/\/auxplantesmedicinales.com\/fr\/wp-json\/wp\/v2\/product_cat?post=1715"},{"taxonomy":"product_tag","embeddable":true,"href":"https:\/\/auxplantesmedicinales.com\/fr\/wp-json\/wp\/v2\/product_tag?post=1715"}],"curies":[{"name":"wp","href":"https:\/\/api.w.org\/{rel}","templated":true}]}}