{"id":1714,"date":"2024-05-24T16:38:50","date_gmt":"2024-05-24T14:38:50","guid":{"rendered":"https:\/\/auxplantesmedicinales.com\/product\/holidays-kit\/"},"modified":"2024-11-21T08:31:29","modified_gmt":"2024-11-21T07:31:29","slug":"kit-de-vacances","status":"publish","type":"product","link":"https:\/\/auxplantesmedicinales.com\/fr\/produit\/kit-de-vacances\/","title":{"rendered":"kit de Vacances"},"content":{"rendered":"<p><strong>Kit de vacances\u00a0<\/strong><\/p>\n<p>Le kit de vacances comprend:<\/p>\n<ul>\n<li><strong>Cr\u00e8me apaisante contre piq\u00fbre de moustiques<\/strong><\/li>\n<li><strong>Huile soleil<\/strong><\/li>\n<li><strong>Baume pour l\u00e8vres s\u00e8ches<\/strong><\/li>\n<li><strong>Cr\u00e8me anti-douleurs <\/strong>&#8211; A utiliser en cas de douleurs apr\u00e8s une marche, tendinites, entorses, etc.<\/li>\n<\/ul>\n<p><strong>Caract\u00e9ristiques principales<\/strong><\/p>\n<ul>\n<li>Ingr\u00e9dients et plantes enti\u00e8rement naturels<\/li>\n<li>Pas de produits chimiques, pas d&rsquo;additifs, pas d&rsquo;OGM<\/li>\n<li>Fabriqu\u00e9 en Suisse avec des ingr\u00e9dients de haute qualit\u00e9 Bio<\/li>\n<\/ul>\n<p><strong>Composition<\/strong>: La liste des ingr\u00e9dients de chaque produit est incluse dans l&#8217;emballage.<\/p>\n<p><strong>Mode d&#8217;emploi<\/strong>: Mode d&#8217;emploi dans l&#8217;emballage.<\/p>\n","protected":false},"excerpt":{"rendered":"<p>Le kit de vacances comprend<\/p>\n<ul>\n<li>Spray anti-moustiques<\/li>\n<li>Huile de protection solaire<\/li>\n<li>Baume pour l\u00e8vres s\u00e8ches<\/li>\n<li>Baume anti-douleur \u00e0 l&rsquo;arnica<\/li>\n<\/ul>\n<p><strong>Caract\u00e9ristiques principales<\/strong><\/p>\n<ul>\n<li>Ingr\u00e9dients et plantes enti\u00e8rement naturels<\/li>\n<li>Pas de produits chimiques, pas d&rsquo;additifs, pas d&rsquo;OGM<\/li>\n<li>Fabriqu\u00e9 en Suisse avec des ingr\u00e9dients de haute qualit\u00e9<\/li>\n<\/ul>\n<p><strong>Composition<\/strong>: La liste des ingr\u00e9dients de chaque produit est incluse dans l&#8217;emballage.<\/p>\n<p><strong>Mode d&#8217;emploi<\/strong>: Mode d&#8217;emploi dans l&#8217;emballage.<\/p>\n","protected":false},"featured_media":2944,"template":"","meta":{"site-sidebar-layout":"default","site-content-layout":"","ast-site-content-layout":"default","site-content-style":"default","site-sidebar-style":"default","ast-global-header-display":"","ast-banner-title-visibility":"","ast-main-header-display":"","ast-hfb-above-header-display":"","ast-hfb-below-header-display":"","ast-hfb-mobile-header-display":"","site-post-title":"","ast-breadcrumbs-content":"","ast-featured-img":"","footer-sml-layout":"","ast-disable-related-posts":"","theme-transparent-header-meta":"default","adv-header-id-meta":"","stick-header-meta":"default","header-above-stick-meta":"","header-main-stick-meta":"","header-below-stick-meta":"","astra-migrate-meta-layouts":"set","ast-page-background-enabled":"default","ast-page-background-meta":{"desktop":{"background-color":"var(--ast-global-color-4)","background-image":"","background-repeat":"repeat","background-position":"center center","background-size":"auto","background-attachment":"scroll","background-type":"","background-media":"","overlay-type":"","overlay-color":"","overlay-opacity":"","overlay-gradient":""},"tablet":{"background-color":"","background-image":"","background-repeat":"repeat","background-position":"center center","background-size":"auto","background-attachment":"scroll","background-type":"","background-media":"","overlay-type":"","overlay-color":"","overlay-opacity":"","overlay-gradient":""},"mobile":{"background-color":"","background-image":"","background-repeat":"repeat","background-position":"center center","background-size":"auto","background-attachment":"scroll","background-type":"","background-media":"","overlay-type":"","overlay-color":"","overlay-opacity":"","overlay-gradient":""}},"ast-content-background-meta":{"desktop":{"background-color":"var(--ast-global-color-5)","background-image":"","background-repeat":"repeat","background-position":"center center","background-size":"auto","background-attachment":"scroll","background-type":"","background-media":"","overlay-type":"","overlay-color":"","overlay-opacity":"","overlay-gradient":""},"tablet":{"background-color":"var(--ast-global-color-5)","background-image":"","background-repeat":"repeat","background-position":"center center","background-size":"auto","background-attachment":"scroll","background-type":"","background-media":"","overlay-type":"","overlay-color":"","overlay-opacity":"","overlay-gradient":""},"mobile":{"background-color":"var(--ast-global-color-5)","background-image":"","background-repeat":"repeat","background-position":"center center","background-size":"auto","background-attachment":"scroll","background-type":"","background-media":"","overlay-type":"","overlay-color":"","overlay-opacity":"","overlay-gradient":""}}},"product_brand":[],"product_cat":[39],"product_tag":[],"class_list":{"0":"post-1714","1":"product","2":"type-product","3":"status-publish","4":"has-post-thumbnail","6":"product_cat-uncategorized-fr","7":"desktop-align-left","8":"tablet-align-left","9":"mobile-align-left","10":"ast-product-gallery-layout-horizontal-slider","12":"first","13":"instock","14":"shipping-taxable","15":"purchasable","16":"product-type-simple"},"_links":{"self":[{"href":"https:\/\/auxplantesmedicinales.com\/fr\/wp-json\/wp\/v2\/product\/1714","targetHints":{"allow":["GET"]}}],"collection":[{"href":"https:\/\/auxplantesmedicinales.com\/fr\/wp-json\/wp\/v2\/product"}],"about":[{"href":"https:\/\/auxplantesmedicinales.com\/fr\/wp-json\/wp\/v2\/types\/product"}],"version-history":[{"count":15,"href":"https:\/\/auxplantesmedicinales.com\/fr\/wp-json\/wp\/v2\/product\/1714\/revisions"}],"predecessor-version":[{"id":3185,"href":"https:\/\/auxplantesmedicinales.com\/fr\/wp-json\/wp\/v2\/product\/1714\/revisions\/3185"}],"wp:featuredmedia":[{"embeddable":true,"href":"https:\/\/auxplantesmedicinales.com\/fr\/wp-json\/wp\/v2\/media\/2944"}],"wp:attachment":[{"href":"https:\/\/auxplantesmedicinales.com\/fr\/wp-json\/wp\/v2\/media?parent=1714"}],"wp:term":[{"taxonomy":"product_brand","embeddable":true,"href":"https:\/\/auxplantesmedicinales.com\/fr\/wp-json\/wp\/v2\/product_brand?post=1714"},{"taxonomy":"product_cat","embeddable":true,"href":"https:\/\/auxplantesmedicinales.com\/fr\/wp-json\/wp\/v2\/product_cat?post=1714"},{"taxonomy":"product_tag","embeddable":true,"href":"https:\/\/auxplantesmedicinales.com\/fr\/wp-json\/wp\/v2\/product_tag?post=1714"}],"curies":[{"name":"wp","href":"https:\/\/api.w.org\/{rel}","templated":true}]}}